{"id":34029,"date":"2016-11-24T16:06:22","date_gmt":"2016-11-24T15:06:22","guid":{"rendered":"https:\/\/rungis.nl\/producten\/"},"modified":"2021-02-22T09:46:06","modified_gmt":"2021-02-22T08:46:06","slug":"produkte","status":"publish","type":"page","link":"https:\/\/www.rungis.nl\/de\/produkte\/","title":{"rendered":"Produkte"},"content":{"rendered":"<p>Als Spezialist f\u00fcr Obst und Gem\u00fcse widmen wir uns t\u00e4glich der Suche nach \u00fcberraschenden Zutaten und deren Lieferung, mit denen Sie wiederum Ihre G\u00e4ste \u00fcberraschen k\u00f6nnen. Auf dieser Seite finden Sie einige Produkte aus unserem Sortiment.<\/p>\n","protected":false},"excerpt":{"rendered":"<p>Als Spezialist f\u00fcr Obst und Gem\u00fcse widmen wir uns t\u00e4glich der Suche nach \u00fcberraschenden Zutaten und deren Lieferung, mit denen Sie wiederum Ihre G\u00e4ste \u00fcberraschen k\u00f6nnen. Auf dieser Seite finden Sie einige Produkte aus unserem Sortiment.<\/p>\n","protected":false},"author":4,"featured_media":34030,"parent":0,"menu_order":0,"comment_status":"closed","ping_status":"closed","template":"templates\/template_producten.php","meta":{"_acf_changed":false,"footnotes":""},"class_list":["post-34029","page","type-page","status-publish","has-post-thumbnail","hentry"],"acf":[],"_links":{"self":[{"href":"https:\/\/www.rungis.nl\/de\/wp-json\/wp\/v2\/pages\/34029","targetHints":{"allow":["GET"]}}],"collection":[{"href":"https:\/\/www.rungis.nl\/de\/wp-json\/wp\/v2\/pages"}],"about":[{"href":"https:\/\/www.rungis.nl\/de\/wp-json\/wp\/v2\/types\/page"}],"author":[{"embeddable":true,"href":"https:\/\/www.rungis.nl\/de\/wp-json\/wp\/v2\/users\/4"}],"replies":[{"embeddable":true,"href":"https:\/\/www.rungis.nl\/de\/wp-json\/wp\/v2\/comments?post=34029"}],"version-history":[{"count":0,"href":"https:\/\/www.rungis.nl\/de\/wp-json\/wp\/v2\/pages\/34029\/revisions"}],"wp:featuredmedia":[{"embeddable":true,"href":"https:\/\/www.rungis.nl\/de\/wp-json\/wp\/v2\/media\/34030"}],"wp:attachment":[{"href":"https:\/\/www.rungis.nl\/de\/wp-json\/wp\/v2\/media?parent=34029"}],"curies":[{"name":"wp","href":"https:\/\/api.w.org\/{rel}","templated":true}]}}